{"id":43,"date":"2018-12-19T07:57:26","date_gmt":"2018-12-19T07:57:26","guid":{"rendered":"https:\/\/sunset.pruebasinformedia.es\/?page_id=43"},"modified":"2025-04-23T14:36:28","modified_gmt":"2025-04-23T14:36:28","slug":"restaurante","status":"publish","type":"page","link":"https:\/\/sunsetbeach.es\/fr\/restaurante\/","title":{"rendered":"Restaurant"},"content":{"rendered":"<div data-elementor-type=\"wp-post\" data-elementor-id=\"43\" class=\"elementor elementor-43\">\n\t\t\t\t\t\t<section class=\"elementor-section elementor-top-section elementor-element elementor-element-eba3b6b elementor-section-full_width elementor-section-height-default elementor-section-height-default\" data-id=\"eba3b6b\" data-element_type=\"section\">\n\t\t\t\t\t\t<div class=\"elementor-container elementor-column-gap-default\">\n\t\t\t\t\t<div class=\"elementor-column elementor-col-100 elementor-top-column elementor-element elementor-element-c7b6679\" data-id=\"c7b6679\" data-element_type=\"column\">\n\t\t\t<div class=\"elementor-widget-wrap elementor-element-populated\">\n\t\t\t\t\t\t<div class=\"elementor-element elementor-element-b51b1a0 elementor-widget elementor-widget-ova_heading\" data-id=\"b51b1a0\" data-element_type=\"widget\" data-widget_type=\"ova_heading.default\">\n\t\t\t\t<div class=\"elementor-widget-container\">\n\t\t\t\t\t\t\t\t\t<section class=\"breadcrumb-menu-v2 breadcrumb-section section-box\" style=\"background-image: url(https:\/\/sunsetbeach.es\/wp-content\/uploads\/2025\/04\/restaurante.png)\">\n\t\t\t\t<div class=\"container\">\n\t\t\t\t\t<div class=\"breadcrumb-inner\">\n\t\t\t\t\t\t\t\t\t\t\t\t\t<h1>Restaurant<\/h1>\n\t\t\t\t\t\t\t\t\t\t\t\t\t\t\t\t\t<\/div>\t\n\t\t\t\t<\/div>\n\t\t\t<\/section>\n\t\t\t\t\t\t\t<\/div>\n\t\t\t\t<\/div>\n\t\t\t\t\t<\/div>\n\t\t<\/div>\n\t\t\t\t\t<\/div>\n\t\t<\/section>\n\t\t\t\t<section class=\"elementor-section elementor-top-section elementor-element elementor-element-c29dafc elementor-section-boxed elementor-section-height-default elementor-section-height-default\" data-id=\"c29dafc\" data-element_type=\"section\" data-settings=\"{&quot;background_background&quot;:&quot;classic&quot;}\">\n\t\t\t\t\t\t<div class=\"elementor-container elementor-column-gap-default\">\n\t\t\t\t\t<div class=\"elementor-column elementor-col-100 elementor-top-column elementor-element elementor-element-6927f4e\" data-id=\"6927f4e\" data-element_type=\"column\">\n\t\t\t<div class=\"elementor-widget-wrap elementor-element-populated\">\n\t\t\t\t\t\t<div class=\"elementor-element elementor-element-36fa6aa elementor-widget elementor-widget-ova_heading\" data-id=\"36fa6aa\" data-element_type=\"widget\" data-widget_type=\"ova_heading.default\">\n\t\t\t\t<div class=\"elementor-widget-container\">\n\t\t\t\t\t\t\t\t\t\t<div class=\"ova-heading\">\n\t\t\t\t\t\t\t\t\t\t\t\t\t<h3 class=\"special-heading main-color three_font\">D\u00e9couvrez<\/h3>\n\t\t\t\t\t\t\t\t\t\t\t\t\t\t\t\t\t\t\t<h2 class=\"special-heading-1 second_font\">NOTRE PHILOSOPHIE<\/h2>\n\t\t\t\t\t\t\t\t\t\t\t<\/div>\n\t\t\t\t\t\t\t\t<\/div>\n\t\t\t\t<\/div>\n\t\t\t\t<div class=\"elementor-element elementor-element-4a83fe7 ova-editor-p-not-margin text-center p-reon elementor-widget elementor-widget-text-editor\" data-id=\"4a83fe7\" data-element_type=\"widget\" data-widget_type=\"text-editor.default\">\n\t\t\t\t<div class=\"elementor-widget-container\">\n\t\t\t\t\t\t\t\t\t<p style=\"text-align: center;\">Didier, Maria et l'\u00e9quipe de Sunset vous r\u00e9servent un accueil chaleureux.<\/p><p style=\"text-align: center;\">Sunset Beach est un restaurant \u00e9l\u00e9gant \u00e0 un rapport qualit\u00e9-prix  imbattable et un service impeccable. A chaque visite, les habitu\u00e9s et  nouveaux clients sont \u00e9panouis par notre cuisine aux saveurs du monde et \u00e0 base d'ingr\u00e9dients frais.<\/p><p style=\"text-align: center;\">A quelques m\u00e8tres de la plage de Playa del Cura (Torrevieja), nous b\u00e9n\u00e9ficions d'un emplacement unique pour des moments de pur plaisir culinaire.<\/p><p style=\"text-align: center;\">Chez nous le client est roi: l'\u00e9quipe met tout en \u0153uvre pour que vous viviez des moments inoubliables. Go\u00fbtez nos d\u00e9licieux menus d'homards.<\/p><p style=\"text-align: center;\">En bref, un concept qui r\u00e9pond aux  besoins et exigences de nos clients d'aujourd'hui.<\/p>\t\t\t\t\t\t\t\t<\/div>\n\t\t\t\t<\/div>\n\t\t\t\t<div class=\"elementor-element elementor-element-8d8bb3a elementor-widget elementor-widget-image\" data-id=\"8d8bb3a\" data-element_type=\"widget\" data-widget_type=\"image.default\">\n\t\t\t\t<div class=\"elementor-widget-container\">\n\t\t\t\t\t\t\t\t\t\t\t\t\t\t\t<img fetchpriority=\"high\" decoding=\"async\" width=\"500\" height=\"298\" src=\"https:\/\/sunsetbeach.es\/wp-content\/uploads\/2025\/04\/logob.png\" class=\"attachment-full size-full wp-image-2875\" alt=\"\" srcset=\"https:\/\/sunsetbeach.es\/wp-content\/uploads\/2025\/04\/logob.png 500w, https:\/\/sunsetbeach.es\/wp-content\/uploads\/2025\/04\/logob-300x179.png 300w\" sizes=\"(max-width: 500px) 100vw, 500px\" \/>\t\t\t\t\t\t\t\t\t\t\t\t\t\t\t<\/div>\n\t\t\t\t<\/div>\n\t\t\t\t\t<\/div>\n\t\t<\/div>\n\t\t\t\t\t<\/div>\n\t\t<\/section>\n\t\t\t\t<section class=\"elementor-section elementor-top-section elementor-element elementor-element-be924eb elementor-hidden-desktop elementor-hidden-tablet elementor-hidden-mobile elementor-section-boxed elementor-section-height-default elementor-section-height-default\" data-id=\"be924eb\" data-element_type=\"section\" data-settings=\"{&quot;background_background&quot;:&quot;classic&quot;}\">\n\t\t\t\t\t\t<div class=\"elementor-container elementor-column-gap-default\">\n\t\t\t\t\t<div class=\"elementor-column elementor-col-50 elementor-top-column elementor-element elementor-element-6be3b99 ova-video-min-height-400\" data-id=\"6be3b99\" data-element_type=\"column\">\n\t\t\t<div class=\"elementor-widget-wrap elementor-element-populated\">\n\t\t\t\t\t\t<div class=\"elementor-element elementor-element-a96aa74 elementor-widget elementor-widget-image\" data-id=\"a96aa74\" data-element_type=\"widget\" data-widget_type=\"image.default\">\n\t\t\t\t<div class=\"elementor-widget-container\">\n\t\t\t\t\t\t\t\t\t\t\t\t\t\t\t<img decoding=\"async\" width=\"1400\" height=\"934\" src=\"https:\/\/sunsetbeach.es\/wp-content\/uploads\/2025\/04\/InfoRestaurante.jpg\" class=\"attachment-full size-full wp-image-2885\" alt=\"\" srcset=\"https:\/\/sunsetbeach.es\/wp-content\/uploads\/2025\/04\/InfoRestaurante.jpg 1400w, https:\/\/sunsetbeach.es\/wp-content\/uploads\/2025\/04\/InfoRestaurante-300x200.jpg 300w, https:\/\/sunsetbeach.es\/wp-content\/uploads\/2025\/04\/InfoRestaurante-1024x683.jpg 1024w, https:\/\/sunsetbeach.es\/wp-content\/uploads\/2025\/04\/InfoRestaurante-768x512.jpg 768w, https:\/\/sunsetbeach.es\/wp-content\/uploads\/2025\/04\/InfoRestaurante-600x400.jpg 600w\" sizes=\"(max-width: 1400px) 100vw, 1400px\" \/>\t\t\t\t\t\t\t\t\t\t\t\t\t\t\t<\/div>\n\t\t\t\t<\/div>\n\t\t\t\t\t<\/div>\n\t\t<\/div>\n\t\t\t\t<div class=\"elementor-column elementor-col-50 elementor-top-column elementor-element elementor-element-c56357f\" data-id=\"c56357f\" data-element_type=\"column\">\n\t\t\t<div class=\"elementor-widget-wrap elementor-element-populated\">\n\t\t\t\t\t\t<div class=\"elementor-element elementor-element-958a200 elementor-widget elementor-widget-ova_heading\" data-id=\"958a200\" data-element_type=\"widget\" data-widget_type=\"ova_heading.default\">\n\t\t\t\t<div class=\"elementor-widget-container\">\n\t\t\t\t\t\t\t\t\t\t<div class=\"ova-heading\">\n\t\t\t\t\t\t\t\t\t\t\t\t\t\t\t\t\t\t\t<h2 class=\"special-heading-1 second_font\">\u00c0 PROPOS DE NOUS<\/h2>\n\t\t\t\t\t\t\t\t\t\t\t<\/div>\n\t\t\t\t\t\t\t\t<\/div>\n\t\t\t\t<\/div>\n\t\t\t\t<div class=\"elementor-element elementor-element-5e4a3e1 p-reon elementor-widget elementor-widget-text-editor\" data-id=\"5e4a3e1\" data-element_type=\"widget\" data-widget_type=\"text-editor.default\">\n\t\t\t\t<div class=\"elementor-widget-container\">\n\t\t\t\t\t\t\t\t\t<p style=\"text-align: justify;\">Ultrices vitae auctor eu augue. Pellentesque dignissim eni amet venenatis . Vulputate enim nulla aliquet porttitor la. Dictumst quisque sagittis purus sit a. Praesent elementum facil fringilla est. Volutpat sed cras ornare arcu dui vivamus arcu felis. Ma etiam tempor orci eu lobortis elementum nibh tellus. Lectus proin nibh nisl condimentum id venenatis.<\/p>\t\t\t\t\t\t\t\t<\/div>\n\t\t\t\t<\/div>\n\t\t\t\t\t<\/div>\n\t\t<\/div>\n\t\t\t\t\t<\/div>\n\t\t<\/section>\n\t\t\t\t<section class=\"elementor-section elementor-top-section elementor-element elementor-element-c096038 elementor-hidden-desktop elementor-hidden-tablet elementor-hidden-mobile elementor-section-boxed elementor-section-height-default elementor-section-height-default\" data-id=\"c096038\" data-element_type=\"section\" data-settings=\"{&quot;background_background&quot;:&quot;classic&quot;}\">\n\t\t\t\t\t\t<div class=\"elementor-container elementor-column-gap-default\">\n\t\t\t\t\t<div class=\"elementor-column elementor-col-100 elementor-top-column elementor-element elementor-element-398faed\" data-id=\"398faed\" data-element_type=\"column\">\n\t\t\t<div class=\"elementor-widget-wrap elementor-element-populated\">\n\t\t\t\t\t\t<div class=\"elementor-element elementor-element-6eb6372 elementor-widget elementor-widget-ova_heading\" data-id=\"6eb6372\" data-element_type=\"widget\" data-widget_type=\"ova_heading.default\">\n\t\t\t\t<div class=\"elementor-widget-container\">\n\t\t\t\t\t\t\t\t\t\t<div class=\"ova-heading\">\n\t\t\t\t\t\t\t\t\t\t\t\t\t\t\t\t\t\t\t<h2 class=\"special-heading-1 second_font\">NUESTRO STAFF<\/h2>\n\t\t\t\t\t\t\t\t\t\t\t<\/div>\n\t\t\t\t\t\t\t\t<\/div>\n\t\t\t\t<\/div>\n\t\t\t\t<section class=\"elementor-section elementor-inner-section elementor-element elementor-element-6dc2887 elementor-section-boxed elementor-section-height-default elementor-section-height-default\" data-id=\"6dc2887\" data-element_type=\"section\">\n\t\t\t\t\t\t<div class=\"elementor-container elementor-column-gap-default\">\n\t\t\t\t\t<div class=\"elementor-column elementor-col-33 elementor-inner-column elementor-element elementor-element-f4fb8de\" data-id=\"f4fb8de\" data-element_type=\"column\">\n\t\t\t<div class=\"elementor-widget-wrap elementor-element-populated\">\n\t\t\t\t\t\t<div class=\"elementor-element elementor-element-3b193f4 elementor-widget elementor-widget-ova_our_team\" data-id=\"3b193f4\" data-element_type=\"widget\" data-widget_type=\"ova_our_team.default\">\n\t\t\t\t<div class=\"elementor-widget-container\">\n\t\t\t\t\t\t\t<section class=\"ova-our-team our-team-section our-team-about section-box\">\n\t\t\t<div class=\"our-team-content\">\n\t\t\t\t<div class=\"our-team-content\">\n\t\t\t\t\t<div class=\"member-image\">\n\t\t\t\t\t\t<a href=\"#\" _self>\n\t\t\t\t\t\t\t<img decoding=\"async\" src=\"https:\/\/sunsetbeach.es\/wp-content\/uploads\/2018\/12\/our-team-1.jpg\" alt=\"\">\n\t\t\t\t\t\t\t<div class=\"overlay\"><\/div>\n\t\t\t\t\t\t<\/a>\n\t\t\t\t\t\t<div class=\"socials\">\n\t\t\t\t\t\t\t\t\t\t\t\t\t\t\t<a href=\"#\"><i class=\"fa fa-facebook-f\"><\/i><\/a>\n\t\t\t\t\t\t\t\t\t\t\t\t\t\t\t<a href=\"#\"><i class=\"fa fa-google-plus\"><\/i><\/a>\n\t\t\t\t\t\t\t\t\t\t\t\t\t\t\t<a href=\"#\"><i class=\"fa fa-twitter\"><\/i><\/a>\n\t\t\t\t\t\t\t\t\t\t\t\t\t<\/div>\n\t\t\t\t\t\t<div class=\"background-gradient\"><\/div>\n\t\t\t\t\t<\/div>\n\t\t\t\t\t<div class=\"member-info\">\n\t\t\t\t\t\t<a href=\"#\" _self>\n\t\t\t\t\t\t\t<span class=\"name second_font\">Andrew Austin<\/span>\n\t\t\t\t\t\t<\/a>\n\t\t\t\t\t\t<span class=\"job\">Chef<\/span>\n\t\t\t\t\t<\/div>\n\t\t\t\t<\/div>\n\t\t\t<\/div>\n\t\t<\/section>\n\t\t\t\t\t\t<\/div>\n\t\t\t\t<\/div>\n\t\t\t\t\t<\/div>\n\t\t<\/div>\n\t\t\t\t<div class=\"elementor-column elementor-col-33 elementor-inner-column elementor-element elementor-element-ba4762e\" data-id=\"ba4762e\" data-element_type=\"column\">\n\t\t\t<div class=\"elementor-widget-wrap elementor-element-populated\">\n\t\t\t\t\t\t<div class=\"elementor-element elementor-element-0a7cbb1 elementor-widget elementor-widget-ova_our_team\" data-id=\"0a7cbb1\" data-element_type=\"widget\" data-widget_type=\"ova_our_team.default\">\n\t\t\t\t<div class=\"elementor-widget-container\">\n\t\t\t\t\t\t\t<section class=\"ova-our-team our-team-section our-team-about section-box\">\n\t\t\t<div class=\"our-team-content\">\n\t\t\t\t<div class=\"our-team-content\">\n\t\t\t\t\t<div class=\"member-image\">\n\t\t\t\t\t\t<a href=\"#\" _self>\n\t\t\t\t\t\t\t<img decoding=\"async\" src=\"https:\/\/sunsetbeach.es\/wp-content\/uploads\/2018\/12\/our-team-2.jpg\" alt=\"\">\n\t\t\t\t\t\t\t<div class=\"overlay\"><\/div>\n\t\t\t\t\t\t<\/a>\n\t\t\t\t\t\t<div class=\"socials\">\n\t\t\t\t\t\t\t\t\t\t\t\t\t\t\t<a href=\"#\"><i class=\"fa fa-facebook-f\"><\/i><\/a>\n\t\t\t\t\t\t\t\t\t\t\t\t\t\t\t<a href=\"#\"><i class=\"fa fa-google-plus\"><\/i><\/a>\n\t\t\t\t\t\t\t\t\t\t\t\t\t\t\t<a href=\"#\"><i class=\"fa fa-twitter\"><\/i><\/a>\n\t\t\t\t\t\t\t\t\t\t\t\t\t<\/div>\n\t\t\t\t\t\t<div class=\"background-gradient\"><\/div>\n\t\t\t\t\t<\/div>\n\t\t\t\t\t<div class=\"member-info\">\n\t\t\t\t\t\t<a href=\"#\" _self>\n\t\t\t\t\t\t\t<span class=\"name second_font\">Tom Anderson<\/span>\n\t\t\t\t\t\t<\/a>\n\t\t\t\t\t\t<span class=\"job\">Staff<\/span>\n\t\t\t\t\t<\/div>\n\t\t\t\t<\/div>\n\t\t\t<\/div>\n\t\t<\/section>\n\t\t\t\t\t\t<\/div>\n\t\t\t\t<\/div>\n\t\t\t\t\t<\/div>\n\t\t<\/div>\n\t\t\t\t<div class=\"elementor-column elementor-col-33 elementor-inner-column elementor-element elementor-element-79fcff9\" data-id=\"79fcff9\" data-element_type=\"column\">\n\t\t\t<div class=\"elementor-widget-wrap elementor-element-populated\">\n\t\t\t\t\t\t<div class=\"elementor-element elementor-element-72beac0 elementor-widget elementor-widget-ova_our_team\" data-id=\"72beac0\" data-element_type=\"widget\" data-widget_type=\"ova_our_team.default\">\n\t\t\t\t<div class=\"elementor-widget-container\">\n\t\t\t\t\t\t\t<section class=\"ova-our-team our-team-section our-team-about section-box\">\n\t\t\t<div class=\"our-team-content\">\n\t\t\t\t<div class=\"our-team-content\">\n\t\t\t\t\t<div class=\"member-image\">\n\t\t\t\t\t\t<a href=\"#\" _self>\n\t\t\t\t\t\t\t<img decoding=\"async\" src=\"https:\/\/sunsetbeach.es\/wp-content\/uploads\/2018\/12\/our-team-1.jpg\" alt=\"\">\n\t\t\t\t\t\t\t<div class=\"overlay\"><\/div>\n\t\t\t\t\t\t<\/a>\n\t\t\t\t\t\t<div class=\"socials\">\n\t\t\t\t\t\t\t\t\t\t\t\t\t\t\t<a href=\"#\"><i class=\"fa fa-facebook-f\"><\/i><\/a>\n\t\t\t\t\t\t\t\t\t\t\t\t\t\t\t<a href=\"#\"><i class=\"fa fa-google-plus\"><\/i><\/a>\n\t\t\t\t\t\t\t\t\t\t\t\t\t\t\t<a href=\"#\"><i class=\"fa fa-twitter\"><\/i><\/a>\n\t\t\t\t\t\t\t\t\t\t\t\t\t<\/div>\n\t\t\t\t\t\t<div class=\"background-gradient\"><\/div>\n\t\t\t\t\t<\/div>\n\t\t\t\t\t<div class=\"member-info\">\n\t\t\t\t\t\t<a href=\"#\" _self>\n\t\t\t\t\t\t\t<span class=\"name second_font\">Emma Johnson<\/span>\n\t\t\t\t\t\t<\/a>\n\t\t\t\t\t\t<span class=\"job\">Staff<\/span>\n\t\t\t\t\t<\/div>\n\t\t\t\t<\/div>\n\t\t\t<\/div>\n\t\t<\/section>\n\t\t\t\t\t\t<\/div>\n\t\t\t\t<\/div>\n\t\t\t\t\t<\/div>\n\t\t<\/div>\n\t\t\t\t\t<\/div>\n\t\t<\/section>\n\t\t\t\t\t<\/div>\n\t\t<\/div>\n\t\t\t\t\t<\/div>\n\t\t<\/section>\n\t\t\t\t<section class=\"elementor-section elementor-top-section elementor-element elementor-element-547cb2f elementor-section-boxed elementor-section-height-default elementor-section-height-default\" data-id=\"547cb2f\" data-element_type=\"section\">\n\t\t\t\t\t\t<div class=\"elementor-container elementor-column-gap-default\">\n\t\t\t\t\t<div class=\"elementor-column elementor-col-100 elementor-top-column elementor-element elementor-element-4f9f3bb\" data-id=\"4f9f3bb\" data-element_type=\"column\">\n\t\t\t<div class=\"elementor-widget-wrap elementor-element-populated\">\n\t\t\t\t\t\t<div class=\"elementor-element elementor-element-42e19ab elementor-widget elementor-widget-ova_heading\" data-id=\"42e19ab\" data-element_type=\"widget\" data-widget_type=\"ova_heading.default\">\n\t\t\t\t<div class=\"elementor-widget-container\">\n\t\t\t\t\t\t\t\t\t\t<div class=\"ova-heading\">\n\t\t\t\t\t\t\t\t\t\t\t\t\t<h3 class=\"special-heading main-color three_font\">Commentaires<\/h3>\n\t\t\t\t\t\t\t\t\t\t\t\t\t\t\t\t\t\t\t<h2 class=\"special-heading-1 second_font\">CE QUE DISENT NOS CLIENTS<\/h2>\n\t\t\t\t\t\t\t\t\t\t\t<\/div>\n\t\t\t\t\t\t\t\t<\/div>\n\t\t\t\t<\/div>\n\t\t\t\t<div class=\"elementor-element elementor-element-90511f3 elementor-widget elementor-widget-ova_testimonial\" data-id=\"90511f3\" data-element_type=\"widget\" data-settings=\"{&quot;pause_on_hover&quot;:&quot;yes&quot;,&quot;infinite&quot;:&quot;yes&quot;}\" data-widget_type=\"ova_testimonial.default\">\n\t\t\t\t<div class=\"elementor-widget-container\">\n\t\t\t\t\t\t\t<section class=\"ova-testimonial about-testimonials section-box\">\n\t\t\t<div id=\"about-testimonials\" class=\"slide-testimonials owl-carousel owl-theme\" data-options=\"{&quot;items&quot;:2,&quot;slideBy&quot;:1,&quot;margin&quot;:30,&quot;autoplayHoverPause&quot;:true,&quot;loop&quot;:true,&quot;autoplay&quot;:false,&quot;autoplayTimeout&quot;:3000,&quot;smartSpeed&quot;:500}\">\n\t\t\t\t\t\t\t\t\t<div class=\"item\">\n\t\t\t\t\t\t<div class=\"icon\">\n\t\t\t\t\t\t\t<div class=\"quote\">\n\t\t\t\t\t\t\t\t<i class=\"zmdi zmdi-quote\"><\/i>\n\t\t\t\t\t\t\t<\/div>\n\t\t\t\t\t\t\t\t\t\t\t\t\t\t\t<div class=\"star\">\n\t\t\t\t\t\t\t\t\t\t\t\t\t\t\t\t\t\t\t<i class=\"zmdi zmdi-star\"><\/i>\n\t\t\t\t\t\t\t\t\t\t\t\t\t\t\t\t\t\t\t<i class=\"zmdi zmdi-star\"><\/i>\n\t\t\t\t\t\t\t\t\t\t\t\t\t\t\t\t\t\t\t<i class=\"zmdi zmdi-star\"><\/i>\n\t\t\t\t\t\t\t\t\t\t\t\t\t\t\t\t\t\t\t<i class=\"zmdi zmdi-star\"><\/i>\n\t\t\t\t\t\t\t\t\t\t\t\t\t\t\t\t\t\t\t<i class=\"zmdi zmdi-star\"><\/i>\n\t\t\t\t\t\t\t\t\t\t\t\t\t\t\t\t\t\t\t\t\t\t\t\t\t\t<\/div>\n\t\t\t\t\t\t\t\t\t\t\t\t\t<\/div>\n\t\t\t\t\t\t<p>Un lugar estupendo donde comer y disfrutar de sus vistas al mar.\nComida buen\u00edsima, los trabajadores encantadores. Es un lugar muy muy recomendable, espero volver pronto.<\/p>\n\t\t\t\t\t\t<div class=\"client\">\n\t\t\t\t\t\t\t<img decoding=\"async\" src=\"https:\/\/sunsetbeach.es\/wp-content\/uploads\/2018\/12\/testimonials-4.jpg\" alt=\"\">\n\t\t\t\t\t\t\t<div class=\"info\">\n\t\t\t\t\t\t\t\t<span class=\"name\">TURPIN<\/span>\n\t\t\t\t\t\t\t\t<span class=\"job\"><\/span>\n\t\t\t\t\t\t\t<\/div>\n\t\t\t\t\t\t<\/div>\n\t\t\t\t\t<\/div>\n\t\t\t\t\t\t\t\t\t<div class=\"item\">\n\t\t\t\t\t\t<div class=\"icon\">\n\t\t\t\t\t\t\t<div class=\"quote\">\n\t\t\t\t\t\t\t\t<i class=\"zmdi zmdi-quote\"><\/i>\n\t\t\t\t\t\t\t<\/div>\n\t\t\t\t\t\t\t\t\t\t\t\t\t\t\t<div class=\"star\">\n\t\t\t\t\t\t\t\t\t\t\t\t\t\t\t\t\t\t\t<i class=\"zmdi zmdi-star\"><\/i>\n\t\t\t\t\t\t\t\t\t\t\t\t\t\t\t\t\t\t\t<i class=\"zmdi zmdi-star\"><\/i>\n\t\t\t\t\t\t\t\t\t\t\t\t\t\t\t\t\t\t\t<i class=\"zmdi zmdi-star\"><\/i>\n\t\t\t\t\t\t\t\t\t\t\t\t\t\t\t\t\t\t\t<i class=\"zmdi zmdi-star\"><\/i>\n\t\t\t\t\t\t\t\t\t\t\t\t\t\t\t\t\t\t\t<i class=\"zmdi zmdi-star\"><\/i>\n\t\t\t\t\t\t\t\t\t\t\t\t\t\t\t\t\t\t\t\t\t\t\t\t\t\t<\/div>\n\t\t\t\t\t\t\t\t\t\t\t\t\t<\/div>\n\t\t\t\t\t\t<p>La comida es muy deliciosa, los platos muy ricos, la variedad del men\u00fa estupendo. Hay carne, pescado, risotto, pasta.\nLas vistas del mar son espectaculares.\nLos camareros son muy r\u00e1pidos, atentos y muy amables los platos se traen pronto, se quitan de la mesa los platos vac\u00edos y las copas enseguida.\nLa impresi\u00f3n es espectacular, con mucho gusto quiere volver otra vez a este sitio. Bravo<\/p>\n\t\t\t\t\t\t<div class=\"client\">\n\t\t\t\t\t\t\t<img decoding=\"async\" src=\"https:\/\/sunsetbeach.es\/wp-content\/uploads\/2018\/12\/testiminial_2.jpg\" alt=\"\">\n\t\t\t\t\t\t\t<div class=\"info\">\n\t\t\t\t\t\t\t\t<span class=\"name\">DARIA<\/span>\n\t\t\t\t\t\t\t\t<span class=\"job\"><\/span>\n\t\t\t\t\t\t\t<\/div>\n\t\t\t\t\t\t<\/div>\n\t\t\t\t\t<\/div>\n\t\t\t\t\t\t\t\t\t<div class=\"item\">\n\t\t\t\t\t\t<div class=\"icon\">\n\t\t\t\t\t\t\t<div class=\"quote\">\n\t\t\t\t\t\t\t\t<i class=\"zmdi zmdi-quote\"><\/i>\n\t\t\t\t\t\t\t<\/div>\n\t\t\t\t\t\t\t\t\t\t\t\t\t\t\t<div class=\"star\">\n\t\t\t\t\t\t\t\t\t\t\t\t\t\t\t\t\t\t\t<i class=\"zmdi zmdi-star\"><\/i>\n\t\t\t\t\t\t\t\t\t\t\t\t\t\t\t\t\t\t\t<i class=\"zmdi zmdi-star\"><\/i>\n\t\t\t\t\t\t\t\t\t\t\t\t\t\t\t\t\t\t\t<i class=\"zmdi zmdi-star\"><\/i>\n\t\t\t\t\t\t\t\t\t\t\t\t\t\t\t\t\t\t\t<i class=\"zmdi zmdi-star\"><\/i>\n\t\t\t\t\t\t\t\t\t\t\t\t\t\t\t\t\t\t\t<i class=\"zmdi zmdi-star\"><\/i>\n\t\t\t\t\t\t\t\t\t\t\t\t\t\t\t\t\t\t\t\t\t\t\t\t\t\t<\/div>\n\t\t\t\t\t\t\t\t\t\t\t\t\t<\/div>\n\t\t\t\t\t\t<p>Muy buen restaurante. El servicio es excelente y la comida de calidad. El lenguado &quot;meuni\u00e8re&quot; es una delicia y eso que no soy muy de pescado. El foie tambi\u00e9n est\u00e1 buen\u00edsimo. En cuanto a los postres, el tiramis\u00fa est\u00e1 muy rico y la pavlova es una buena opci\u00f3n si te gusta el merengue. Las vistas sobre el mar son preciosas. Buena relaci\u00f3n calidad precio.<\/p>\n\t\t\t\t\t\t<div class=\"client\">\n\t\t\t\t\t\t\t<img decoding=\"async\" src=\"https:\/\/sunsetbeach.es\/wp-content\/uploads\/2018\/12\/testimonial_1.jpg\" alt=\"\">\n\t\t\t\t\t\t\t<div class=\"info\">\n\t\t\t\t\t\t\t\t<span class=\"name\">ELISABETH<\/span>\n\t\t\t\t\t\t\t\t<span class=\"job\"><\/span>\n\t\t\t\t\t\t\t<\/div>\n\t\t\t\t\t\t<\/div>\n\t\t\t\t\t<\/div>\n\t\t\t\t\t\t\t\t\t<div class=\"item\">\n\t\t\t\t\t\t<div class=\"icon\">\n\t\t\t\t\t\t\t<div class=\"quote\">\n\t\t\t\t\t\t\t\t<i class=\"zmdi zmdi-quote\"><\/i>\n\t\t\t\t\t\t\t<\/div>\n\t\t\t\t\t\t\t\t\t\t\t\t\t\t\t<div class=\"star\">\n\t\t\t\t\t\t\t\t\t\t\t\t\t\t\t\t\t\t\t<i class=\"zmdi zmdi-star\"><\/i>\n\t\t\t\t\t\t\t\t\t\t\t\t\t\t\t\t\t\t\t<i class=\"zmdi zmdi-star\"><\/i>\n\t\t\t\t\t\t\t\t\t\t\t\t\t\t\t\t\t\t\t<i class=\"zmdi zmdi-star\"><\/i>\n\t\t\t\t\t\t\t\t\t\t\t\t\t\t\t\t\t\t\t<i class=\"zmdi zmdi-star\"><\/i>\n\t\t\t\t\t\t\t\t\t\t\t\t\t\t\t\t\t\t\t<i class=\"zmdi zmdi-star\"><\/i>\n\t\t\t\t\t\t\t\t\t\t\t\t\t\t\t\t\t\t\t\t\t\t\t\t\t\t<\/div>\n\t\t\t\t\t\t\t\t\t\t\t\t\t<\/div>\n\t\t\t\t\t\t<p>Un sitio muy bonito con vistas a la playa del cura. Buen trato. En nuestro caso pedimos un men\u00fa y todo estaba espectacular. El tataki de at\u00fan estupendo y el lenguado una delicia. Repetiremos sin duda<\/p>\n\t\t\t\t\t\t<div class=\"client\">\n\t\t\t\t\t\t\t<img decoding=\"async\" src=\"https:\/\/sunsetbeach.es\/wp-content\/uploads\/2018\/12\/testimonials-3.jpg\" alt=\"\">\n\t\t\t\t\t\t\t<div class=\"info\">\n\t\t\t\t\t\t\t\t<span class=\"name\">ALFONSO<\/span>\n\t\t\t\t\t\t\t\t<span class=\"job\"><\/span>\n\t\t\t\t\t\t\t<\/div>\n\t\t\t\t\t\t<\/div>\n\t\t\t\t\t<\/div>\n\t\t\t\t\t\t\t<\/div>\n\t\t<\/section>\n\t\t\t\t\t\t<\/div>\n\t\t\t\t<\/div>\n\t\t\t\t\t<\/div>\n\t\t<\/div>\n\t\t\t\t\t<\/div>\n\t\t<\/section>\n\t\t\t\t<section class=\"elementor-section elementor-top-section elementor-element elementor-element-7f02fea elementor-section-boxed elementor-section-height-default elementor-section-height-default\" data-id=\"7f02fea\" data-element_type=\"section\">\n\t\t\t\t\t\t<div class=\"elementor-container elementor-column-gap-default\">\n\t\t\t\t\t<div class=\"elementor-column elementor-col-33 elementor-top-column elementor-element elementor-element-4991739\" data-id=\"4991739\" data-element_type=\"column\">\n\t\t\t<div class=\"elementor-widget-wrap elementor-element-populated\">\n\t\t\t\t\t\t<div class=\"elementor-element elementor-element-1a57ac5 elementor-widget elementor-widget-ova_time_content\" data-id=\"1a57ac5\" data-element_type=\"widget\" data-widget_type=\"ova_time_content.default\">\n\t\t\t\t<div class=\"elementor-widget-container\">\n\t\t\t\t\t\n\t\t<div class=\"ova_time_content\">\n\t\t\t<h4 class=\"time\">D\u00e9jeuner 13:00 - 16:00<\/h4>\n\t\t\t<span class=\"content\">Du mercredi au lundi<\/span>\n\t\t<\/div>\n\t\t\n\t\t\t\t\t\t<\/div>\n\t\t\t\t<\/div>\n\t\t\t\t\t<\/div>\n\t\t<\/div>\n\t\t\t\t<div class=\"elementor-column elementor-col-33 elementor-top-column elementor-element elementor-element-396b22d\" data-id=\"396b22d\" data-element_type=\"column\">\n\t\t\t<div class=\"elementor-widget-wrap elementor-element-populated\">\n\t\t\t\t\t\t<div class=\"elementor-element elementor-element-7b28d2b elementor-widget elementor-widget-ova_time_content\" data-id=\"7b28d2b\" data-element_type=\"widget\" data-widget_type=\"ova_time_content.default\">\n\t\t\t\t<div class=\"elementor-widget-container\">\n\t\t\t\t\t\n\t\t<div class=\"ova_time_content\">\n\t\t\t<h4 class=\"time\">D\u00eener 19:00 - 22:00<\/h4>\n\t\t\t<span class=\"content\">Du mercredi au lundi.\nJuillet et ao\u00fbt jusqu'\u00e0 23h00<\/span>\n\t\t<\/div>\n\t\t\n\t\t\t\t\t\t<\/div>\n\t\t\t\t<\/div>\n\t\t\t\t\t<\/div>\n\t\t<\/div>\n\t\t\t\t<div class=\"elementor-column elementor-col-33 elementor-top-column elementor-element elementor-element-263c04c\" data-id=\"263c04c\" data-element_type=\"column\">\n\t\t\t<div class=\"elementor-widget-wrap elementor-element-populated\">\n\t\t\t\t\t\t<div class=\"elementor-element elementor-element-17a09e9 elementor-widget elementor-widget-ova_time_content\" data-id=\"17a09e9\" data-element_type=\"widget\" data-widget_type=\"ova_time_content.default\">\n\t\t\t\t<div class=\"elementor-widget-container\">\n\t\t\t\t\t\n\t\t<div class=\"ova_time_content\">\n\t\t\t<h4 class=\"time\">Mardi<\/h4>\n\t\t\t<span class=\"content\">Ferm\u00e9<\/span>\n\t\t<\/div>\n\t\t\n\t\t\t\t\t\t<\/div>\n\t\t\t\t<\/div>\n\t\t\t\t\t<\/div>\n\t\t<\/div>\n\t\t\t\t\t<\/div>\n\t\t<\/section>\n\t\t\t\t<\/div>","protected":false},"excerpt":{"rendered":"<p>Restaurante Conozca NUESTRA FILOSOF\u00cdA Didier, Mar\u00eda y el equipo de Sunset le deseamos una c\u00e1lida bienvenida. Sunset Beach es un restaurante con una inmejorable relaci\u00f3n calidad-precio y un servicio excelente. Tanto los clientes fijos como los nuevos se sienten atra\u00eddos por nuestra cocina con muchos sabores mundiales y preparados con ingredientes frescos. A pocos metros [&hellip;]<\/p>","protected":false},"author":1,"featured_media":0,"parent":0,"menu_order":0,"comment_status":"closed","ping_status":"closed","template":"elementor_header_footer","meta":{"_vp_format_video_url":"","_vp_image_focal_point":[],"footnotes":""},"class_list":["post-43","page","type-page","status-publish","hentry"],"_links":{"self":[{"href":"https:\/\/sunsetbeach.es\/fr\/wp-json\/wp\/v2\/pages\/43","targetHints":{"allow":["GET"]}}],"collection":[{"href":"https:\/\/sunsetbeach.es\/fr\/wp-json\/wp\/v2\/pages"}],"about":[{"href":"https:\/\/sunsetbeach.es\/fr\/wp-json\/wp\/v2\/types\/page"}],"author":[{"embeddable":true,"href":"https:\/\/sunsetbeach.es\/fr\/wp-json\/wp\/v2\/users\/1"}],"replies":[{"embeddable":true,"href":"https:\/\/sunsetbeach.es\/fr\/wp-json\/wp\/v2\/comments?post=43"}],"version-history":[{"count":47,"href":"https:\/\/sunsetbeach.es\/fr\/wp-json\/wp\/v2\/pages\/43\/revisions"}],"predecessor-version":[{"id":3131,"href":"https:\/\/sunsetbeach.es\/fr\/wp-json\/wp\/v2\/pages\/43\/revisions\/3131"}],"wp:attachment":[{"href":"https:\/\/sunsetbeach.es\/fr\/wp-json\/wp\/v2\/media?parent=43"}],"curies":[{"name":"wp","href":"https:\/\/api.w.org\/{rel}","templated":true}]}}