{"id":2908,"date":"2025-04-07T14:44:02","date_gmt":"2025-04-07T14:44:02","guid":{"rendered":"https:\/\/sunset.pruebasinformedia.es\/?page_id=2908"},"modified":"2025-04-07T14:51:21","modified_gmt":"2025-04-07T14:51:21","slug":"declaracion-de-accesibilidad","status":"publish","type":"page","link":"https:\/\/sunsetbeach.es\/fr\/declaracion-de-accesibilidad\/","title":{"rendered":"D\u00e9claration d'accessibilit\u00e9"},"content":{"rendered":"<div data-elementor-type=\"wp-page\" data-elementor-id=\"2908\" class=\"elementor elementor-2908\">\n\t\t\t\t<div class=\"elementor-element elementor-element-0cbfb9b e-flex e-con-boxed e-con e-parent\" data-id=\"0cbfb9b\" data-element_type=\"container\">\n\t\t\t\t\t<div class=\"e-con-inner\">\n\t\t\t\t<div class=\"elementor-element elementor-element-f68556e elementor-widget elementor-widget-text-editor\" data-id=\"f68556e\" data-element_type=\"widget\" data-widget_type=\"text-editor.default\">\n\t\t\t\t<div class=\"elementor-widget-container\">\n\t\t\t\t\t\t\t\t\t<p style=\"text-align: justify;\">Sunset Beach Restaurant s'engage \u00e0 rendre ses sites Web accessibles conform\u00e9ment aux <a href=\"https:\/\/www.boe.es\/buscar\/act.php?id=BOE-A-2018-12699\" target=\"_blank\" rel=\"noreferrer noopener\">D\u00e9cret royal 1112\/2018, du 7 septembre<\/a>, sur l'accessibilit\u00e9 des sites Web et des applications pour appareils mobiles dans le secteur public (ci-apr\u00e8s, d\u00e9cret royal 1112\/2018, du 7 septembre).<\/p><p style=\"text-align: justify;\">Cette d\u00e9claration d'accessibilit\u00e9 s'applique au site Web https:\/\/sunsetbeach.es (les sous-domaines de ce site Web auront leurs propres d\u00e9clarations d'accessibilit\u00e9).<\/p><p style=\"text-align: justify;\"><strong>Statut de conformit\u00e9<\/strong><\/p><p style=\"text-align: justify;\">Ce site Web est <strong>partiellement conforme<\/strong> avec le d\u00e9cret royal 1112\/2018, du 7 septembre, en raison du non-respect des aspects indiqu\u00e9s ci-dessous.<\/p><p style=\"text-align: justify;\"><strong>Contenu non accessible<\/strong><\/p><p style=\"text-align: justify;\">Le contenu ci-dessous n'est pas accessible pour les raisons suivantes :<\/p><ol style=\"text-align: justify;\"><li><strong>Non-respect du d\u00e9cret royal 1112\/2018 du 7 septembre<\/strong>:Il peut y avoir des erreurs d'\u00e9dition occasionnelles sur certaines pages Web, tant dans le contenu HTML que dans les documents finaux, publi\u00e9s apr\u00e8s le 20 septembre 2018 (date d'entr\u00e9e en vigueur du d\u00e9cret royal 1112\/2018, du 7 septembre).<\/li><li><strong>Charge disproportionn\u00e9e<\/strong>: : non applicable.<\/li><li>Le contenu <strong>ne rel\u00e8ve pas du champ d'application de la l\u00e9gislation<\/strong> Applicable : Il existe des fichiers bureautiques en format PDF ou autres publi\u00e9s avant le 20 septembre 2018 qui ne r\u00e9pondent pas enti\u00e8rement \u00e0 toutes les exigences d'accessibilit\u00e9.<\/li><\/ol><p style=\"text-align: justify;\"><strong>Pr\u00e9paration de cette d\u00e9claration d'accessibilit\u00e9<\/strong><\/p><p style=\"text-align: justify;\">Cette d\u00e9claration a \u00e9t\u00e9 pr\u00e9par\u00e9e le 7 avril 2025.<\/p><p style=\"text-align: justify;\">La m\u00e9thode utilis\u00e9e pour pr\u00e9parer la d\u00e9claration \u00e9tait une auto-\u00e9valuation r\u00e9alis\u00e9e par Informedia.<\/p><p style=\"text-align: justify;\">Derni\u00e8re r\u00e9vision de la d\u00e9claration : 7 avril 2025.<\/p><p style=\"text-align: justify;\"><strong>Commentaires et coordonn\u00e9es<\/strong><\/p><p style=\"text-align: justify;\">Vous pouvez faire des communications sur les exigences d'accessibilit\u00e9 (article 10.2.a) du d\u00e9cret royal 1112\/2018, du 7 septembre) telles que, par exemple :<\/p><ul style=\"text-align: justify;\"><li>Signalez toute non-conformit\u00e9 potentielle de ce site Web.<\/li><li>Transmettre d'autres difficult\u00e9s d'acc\u00e8s au contenu.<\/li><li>Faites toute autre question ou suggestion d\u2019am\u00e9lioration li\u00e9e \u00e0 l\u2019accessibilit\u00e9 du site Web.<\/li><\/ul><p style=\"text-align: justify;\">Par les canaux suivants :<\/p><ul style=\"text-align: justify;\"><li>Courriel : soporte@informedia.es<\/li><li>T\u00e9l\u00e9phone : 965 713 676<\/li><\/ul><p style=\"text-align: justify;\">Les communications seront re\u00e7ues et trait\u00e9es par Informedia, en tant qu'entit\u00e9 responsable du contenu de ce site Web.<\/p><p style=\"text-align: justify;\">Vous pouvez \u00e9galement demander des informations dans un format accessible qui ne r\u00e9pondent pas aux exigences d\u2019accessibilit\u00e9, soit parce qu\u2019elles sont exclues, soit parce qu\u2019elles sont exempt\u00e9es en raison d\u2019une charge disproportionn\u00e9e\u00a0; ou d\u00e9poser une plainte pour non-respect des exigences d\u2019accessibilit\u00e9.<\/p><p style=\"text-align: justify;\"><strong>Proc\u00e9dure de candidature<\/strong><\/p><p style=\"text-align: justify;\">Gr\u00e2ce \u00e0 cette proc\u00e9dure, vous pouvez introduire une r\u00e9clamation pour comprendre et contester les raisons du rejet d\u2019une demande d\u2019information accessible ou d\u2019une plainte, demander l\u2019adoption de mesures appropri\u00e9es si vous n\u2019\u00eates pas d\u2019accord avec la d\u00e9cision ou expliquer pourquoi vous pensez que la r\u00e9ponse ne r\u00e9pond pas aux exigences requises.<\/p><p style=\"text-align: justify;\"><strong>Contenu facultatif<\/strong><\/p><p style=\"text-align: justify;\">La version actuellement visible de ce site Web date d'avril 2023 et le niveau d'accessibilit\u00e9 en vigueur \u00e0 cette date a \u00e9t\u00e9 r\u00e9vis\u00e9 \u00e0 cette date.<\/p><p style=\"text-align: justify;\">\u00c0 partir de cette date, des r\u00e9visions partielles p\u00e9riodiques des contenus Web nouveaux ou modifi\u00e9s, tant des mod\u00e8les que des pages et documents finaux publi\u00e9s, sont effectu\u00e9es pour garantir le respect des exigences d'accessibilit\u00e9 de la norme UNE-EN 301549:2019, compte tenu des exceptions du d\u00e9cret royal 1112\/2018 du 7 septembre.<\/p><p style=\"text-align: justify;\">Vous pouvez consulter la page de <a href=\"https:\/\/sunsetbeach.es\/fr\/politica-de-privacidad\/\" target=\"_blank\" rel=\"noreferrer noopener\">politique de confidentialit\u00e9<\/a> quelles technologies et versions ce site Web utilise.<\/p>\t\t\t\t\t\t\t\t<\/div>\n\t\t\t\t<\/div>\n\t\t\t\t\t<\/div>\n\t\t\t\t<\/div>\n\t\t\t\t<\/div>","protected":false},"excerpt":{"rendered":"<p>Restaurante Sunset Beach se ha comprometido a hacer accesibles sus sitios web de conformidad con el Real Decreto 1112\/2018, de 7 de septiembre, sobre accesibilidad de los sitios web y aplicaciones para dispositivos m\u00f3viles del sector p\u00fablico (en adelante, Real Decreto 1112\/2018, de 7 de septiembre). La presente declaraci\u00f3n de accesibilidad se aplica al sitio [&hellip;]<\/p>","protected":false},"author":1,"featured_media":0,"parent":0,"menu_order":0,"comment_status":"closed","ping_status":"closed","template":"","meta":{"_vp_format_video_url":"","_vp_image_focal_point":[],"footnotes":""},"class_list":["post-2908","page","type-page","status-publish","hentry"],"_links":{"self":[{"href":"https:\/\/sunsetbeach.es\/fr\/wp-json\/wp\/v2\/pages\/2908","targetHints":{"allow":["GET"]}}],"collection":[{"href":"https:\/\/sunsetbeach.es\/fr\/wp-json\/wp\/v2\/pages"}],"about":[{"href":"https:\/\/sunsetbeach.es\/fr\/wp-json\/wp\/v2\/types\/page"}],"author":[{"embeddable":true,"href":"https:\/\/sunsetbeach.es\/fr\/wp-json\/wp\/v2\/users\/1"}],"replies":[{"embeddable":true,"href":"https:\/\/sunsetbeach.es\/fr\/wp-json\/wp\/v2\/comments?post=2908"}],"version-history":[{"count":4,"href":"https:\/\/sunsetbeach.es\/fr\/wp-json\/wp\/v2\/pages\/2908\/revisions"}],"predecessor-version":[{"id":2913,"href":"https:\/\/sunsetbeach.es\/fr\/wp-json\/wp\/v2\/pages\/2908\/revisions\/2913"}],"wp:attachment":[{"href":"https:\/\/sunsetbeach.es\/fr\/wp-json\/wp\/v2\/media?parent=2908"}],"curies":[{"name":"wp","href":"https:\/\/api.w.org\/{rel}","templated":true}]}}