{"id":2903,"date":"2025-04-07T14:39:36","date_gmt":"2025-04-07T14:39:36","guid":{"rendered":"https:\/\/sunset.pruebasinformedia.es\/?page_id=2903"},"modified":"2025-04-07T14:42:08","modified_gmt":"2025-04-07T14:42:08","slug":"politica-de-privacidad","status":"publish","type":"page","link":"https:\/\/sunsetbeach.es\/fr\/politica-de-privacidad\/","title":{"rendered":"politique de confidentialit\u00e9"},"content":{"rendered":"<div data-elementor-type=\"wp-page\" data-elementor-id=\"2903\" class=\"elementor elementor-2903\">\n\t\t\t\t<div class=\"elementor-element elementor-element-2e01085 e-flex e-con-boxed e-con e-parent\" data-id=\"2e01085\" data-element_type=\"container\">\n\t\t\t\t\t<div class=\"e-con-inner\">\n\t\t\t\t<div class=\"elementor-element elementor-element-d06d1df elementor-widget elementor-widget-text-editor\" data-id=\"d06d1df\" data-element_type=\"widget\" data-widget_type=\"text-editor.default\">\n\t\t\t\t<div class=\"elementor-widget-container\">\n\t\t\t\t\t\t\t\t\t<p style=\"text-align: justify;\">Conform\u00e9ment aux dispositions du RGPD, nous vous informons que vos donn\u00e9es seront trait\u00e9es dans nos fichiers dans le but de maintenir et d'ex\u00e9cuter la relation avec notre entit\u00e9, y compris l'envoi de communications dans le cadre de ladite relation.<\/p><p style=\"text-align: justify;\">De m\u00eame, vos donn\u00e9es seront transf\u00e9r\u00e9es dans tous les cas o\u00f9 elles sont n\u00e9cessaires au d\u00e9veloppement, \u00e0 l'ex\u00e9cution et au contr\u00f4le de la relation avec notre entit\u00e9 ou dans les cas o\u00f9 elles sont autoris\u00e9es par une loi. Conform\u00e9ment au RGPD, vous pouvez exercer vos droits ARCO avant <strong>Palacio de Torrevieja S.L.<\/strong>, avec adresse \u00e0 <strong>Avenida de los Marineros, 17 &#8211; 03182 Torrevieja (Alicante)<\/strong>, en joignant une photocopie de votre pi\u00e8ce d'identit\u00e9.<\/p><p style=\"text-align: justify;\">Le contenu de cette communication, ainsi que celui de toute la documentation qui l'accompagne, est soumis \u00e0 la confidentialit\u00e9 et s'adresse uniquement \u00e0 son destinataire. Dans le cas o\u00f9 vous ne seriez pas le destinataire, nous vous demandons de nous en informer et de ne pas communiquer son contenu \u00e0 des tiers, en proc\u00e9dant \u00e0 sa destruction.<\/p><p style=\"text-align: justify;\">Le prestataire de services de la soci\u00e9t\u00e9 de l'information doit tenir compte du fait qu'en plus des informations qu'il fournit aux destinataires du service \u00e0 travers sa \u00ab Politique de confidentialit\u00e9 \u00bb, il doit disposer de textes juridiques suppl\u00e9mentaires relatifs \u00e0 d'autres r\u00e9glementations obligatoires, telles que, mais sans s'y limiter, les conditions g\u00e9n\u00e9rales de contrat, la propri\u00e9t\u00e9 intellectuelle et industrielle, les conditions d'utilisation du site Web et les responsabilit\u00e9s \u00e0 cet \u00e9gard, ou ce que la loi 34\/2002, du 11 juillet, sur les services de la soci\u00e9t\u00e9 de l'information et du commerce \u00e9lectronique peut \u00e9tablir dans d'autres dispositions en dehors de son article 10 ou m\u00eame compl\u00e9ter les informations qui, \u00e0 cet \u00e9gard, sont n\u00e9cessaires.<\/p>\t\t\t\t\t\t\t\t<\/div>\n\t\t\t\t<\/div>\n\t\t\t\t\t<\/div>\n\t\t\t\t<\/div>\n\t\t\t\t<\/div>","protected":false},"excerpt":{"rendered":"<p>En cumplimiento de lo establecido en la RGPD, le informamos que sus datos ser\u00e1n tratados en nuestros ficheros, con la finalidad del mantenimiento y cumplimiento de la relaci\u00f3n con nuestra entidad, incluyendo el env\u00edo de comunicaciones en el marco de la citada relaci\u00f3n. As\u00ed mismo, sus datos ser\u00e1n cedidos en todos aquellos casos en que [&hellip;]<\/p>","protected":false},"author":1,"featured_media":0,"parent":0,"menu_order":0,"comment_status":"closed","ping_status":"closed","template":"","meta":{"_vp_format_video_url":"","_vp_image_focal_point":[],"footnotes":""},"class_list":["post-2903","page","type-page","status-publish","hentry"],"_links":{"self":[{"href":"https:\/\/sunsetbeach.es\/fr\/wp-json\/wp\/v2\/pages\/2903","targetHints":{"allow":["GET"]}}],"collection":[{"href":"https:\/\/sunsetbeach.es\/fr\/wp-json\/wp\/v2\/pages"}],"about":[{"href":"https:\/\/sunsetbeach.es\/fr\/wp-json\/wp\/v2\/types\/page"}],"author":[{"embeddable":true,"href":"https:\/\/sunsetbeach.es\/fr\/wp-json\/wp\/v2\/users\/1"}],"replies":[{"embeddable":true,"href":"https:\/\/sunsetbeach.es\/fr\/wp-json\/wp\/v2\/comments?post=2903"}],"version-history":[{"count":4,"href":"https:\/\/sunsetbeach.es\/fr\/wp-json\/wp\/v2\/pages\/2903\/revisions"}],"predecessor-version":[{"id":2907,"href":"https:\/\/sunsetbeach.es\/fr\/wp-json\/wp\/v2\/pages\/2903\/revisions\/2907"}],"wp:attachment":[{"href":"https:\/\/sunsetbeach.es\/fr\/wp-json\/wp\/v2\/media?parent=2903"}],"curies":[{"name":"wp","href":"https:\/\/api.w.org\/{rel}","templated":true}]}}