{"id":2903,"date":"2025-04-07T14:39:36","date_gmt":"2025-04-07T14:39:36","guid":{"rendered":"https:\/\/sunset.pruebasinformedia.es\/?page_id=2903"},"modified":"2025-04-07T14:42:08","modified_gmt":"2025-04-07T14:42:08","slug":"politica-de-privacidad","status":"publish","type":"page","link":"https:\/\/sunsetbeach.es\/en\/politica-de-privacidad\/","title":{"rendered":"Privacy Policy"},"content":{"rendered":"<div data-elementor-type=\"wp-page\" data-elementor-id=\"2903\" class=\"elementor elementor-2903\">\n\t\t\t\t<div class=\"elementor-element elementor-element-2e01085 e-flex e-con-boxed e-con e-parent\" data-id=\"2e01085\" data-element_type=\"container\">\n\t\t\t\t\t<div class=\"e-con-inner\">\n\t\t\t\t<div class=\"elementor-element elementor-element-d06d1df elementor-widget elementor-widget-text-editor\" data-id=\"d06d1df\" data-element_type=\"widget\" data-widget_type=\"text-editor.default\">\n\t\t\t\t<div class=\"elementor-widget-container\">\n\t\t\t\t\t\t\t\t\t<p style=\"text-align: justify;\">In compliance with the provisions of the GDPR, we inform you that your data will be processed in our files for the purpose of maintaining and fulfilling the relationship with our entity, including sending communications within the framework of said relationship.<\/p><p style=\"text-align: justify;\">Likewise, your data will be transferred in all cases where it is necessary for the development, fulfillment, and control of the relationship with our entity or in the cases where it is authorized by a law. In compliance with the GDPR, you can exercise your ARCO rights before <strong>Palacio de Torrevieja S.L.<\/strong>, with address at <strong>Avenida de los Marineros, 17 &#8211; 03182 Torrevieja (Alicante)<\/strong>, attaching a photocopy of your ID.<\/p><p style=\"text-align: justify;\">The content of this communication, as well as all accompanying documentation, is subject to confidentiality and is addressed solely to the recipient. If you are not the intended recipient, please inform us and not share its contents with third parties. We will then proceed to destroy it.<\/p><p style=\"text-align: justify;\">The provider of information society services must take into account that, in addition to the information it provides to the recipients of the service through its \"Privacy Policy\", it must have additional legal texts relating to other mandatory regulations, such as, but not limited to, general contracting conditions, intellectual and industrial property, conditions of use of the website and responsibilities in this regard, or what Law 34\/2002, of July 11, on Information Society Services and Electronic Commerce may establish in any other provisions outside of its article 10 or even complete the information that, in relation to this, is necessary.<\/p>\t\t\t\t\t\t\t\t<\/div>\n\t\t\t\t<\/div>\n\t\t\t\t\t<\/div>\n\t\t\t\t<\/div>\n\t\t\t\t<\/div>","protected":false},"excerpt":{"rendered":"<p>En cumplimiento de lo establecido en la RGPD, le informamos que sus datos ser\u00e1n tratados en nuestros ficheros, con la finalidad del mantenimiento y cumplimiento de la relaci\u00f3n con nuestra entidad, incluyendo el env\u00edo de comunicaciones en el marco de la citada relaci\u00f3n. As\u00ed mismo, sus datos ser\u00e1n cedidos en todos aquellos casos en que [&hellip;]<\/p>","protected":false},"author":1,"featured_media":0,"parent":0,"menu_order":0,"comment_status":"closed","ping_status":"closed","template":"","meta":{"_vp_format_video_url":"","_vp_image_focal_point":[],"footnotes":""},"class_list":["post-2903","page","type-page","status-publish","hentry"],"_links":{"self":[{"href":"https:\/\/sunsetbeach.es\/en\/wp-json\/wp\/v2\/pages\/2903","targetHints":{"allow":["GET"]}}],"collection":[{"href":"https:\/\/sunsetbeach.es\/en\/wp-json\/wp\/v2\/pages"}],"about":[{"href":"https:\/\/sunsetbeach.es\/en\/wp-json\/wp\/v2\/types\/page"}],"author":[{"embeddable":true,"href":"https:\/\/sunsetbeach.es\/en\/wp-json\/wp\/v2\/users\/1"}],"replies":[{"embeddable":true,"href":"https:\/\/sunsetbeach.es\/en\/wp-json\/wp\/v2\/comments?post=2903"}],"version-history":[{"count":4,"href":"https:\/\/sunsetbeach.es\/en\/wp-json\/wp\/v2\/pages\/2903\/revisions"}],"predecessor-version":[{"id":2907,"href":"https:\/\/sunsetbeach.es\/en\/wp-json\/wp\/v2\/pages\/2903\/revisions\/2907"}],"wp:attachment":[{"href":"https:\/\/sunsetbeach.es\/en\/wp-json\/wp\/v2\/media?parent=2903"}],"curies":[{"name":"wp","href":"https:\/\/api.w.org\/{rel}","templated":true}]}}